{"id":25090,"date":"2021-03-18T10:04:59","date_gmt":"2021-03-18T10:04:59","guid":{"rendered":"http:\/\/new2021.nordholms.se\/?page_id=25090"},"modified":"2022-08-30T11:45:52","modified_gmt":"2022-08-30T11:45:52","slug":"bearbetning","status":"publish","type":"page","link":"http:\/\/new2021.nordholms.se\/en\/tjanster\/bearbetning\/","title":{"rendered":"Mechanical processing"},"content":{"rendered":"<div data-elementor-type=\"wp-page\" data-elementor-id=\"25090\" class=\"elementor elementor-25090\">\n\t\t\t\t\t\t<div class=\"elementor-inner\">\n\t\t\t\t<div class=\"elementor-section-wrap\">\n\t\t\t\t\t\t\t\t\t<section class=\"elementor-section elementor-top-section elementor-element elementor-element-edafa1b elementor-section-boxed elementor-section-height-default elementor-section-height-default\" data-id=\"edafa1b\" data-element_type=\"section\" data-settings=\"{&quot;background_background&quot;:&quot;classic&quot;}\">\n\t\t\t\t\t\t\t<div class=\"elementor-background-overlay\"><\/div>\n\t\t\t\t\t\t\t<div class=\"elementor-container elementor-column-gap-default\">\n\t\t\t\t\t\t\t<div class=\"elementor-row\">\n\t\t\t\t\t<div class=\"elementor-column elementor-col-100 elementor-top-column elementor-element elementor-element-466c9fd\" data-id=\"466c9fd\" data-element_type=\"column\">\n\t\t\t<div class=\"elementor-column-wrap elementor-element-populated\">\n\t\t\t\t\t\t\t<div class=\"elementor-widget-wrap\">\n\t\t\t\t\t\t<div class=\"elementor-element elementor-element-1eb3276 elementor-position-left elementor-vertical-align-top elementor-widget elementor-widget-image-box\" data-id=\"1eb3276\" data-element_type=\"widget\" data-widget_type=\"image-box.default\">\n\t\t\t\t<div class=\"elementor-widget-container\">\n\t\t\t<div class=\"elementor-image-box-wrapper\"><div class=\"elementor-image-box-content\"><h1 class=\"elementor-image-box-title\">Processing | Complex details according to your needs<\/h1><\/div><\/div>\t\t<\/div>\n\t\t\t\t<\/div>\n\t\t\t\t\t\t<\/div>\n\t\t\t\t\t<\/div>\n\t\t<\/div>\n\t\t\t\t\t\t\t\t<\/div>\n\t\t\t\t\t<\/div>\n\t\t<\/section>\n\t\t\t\t<section class=\"elementor-section elementor-top-section elementor-element elementor-element-5ce1144 elementor-section-boxed elementor-section-height-default elementor-section-height-default\" data-id=\"5ce1144\" data-element_type=\"section\" data-settings=\"{&quot;background_background&quot;:&quot;classic&quot;}\">\n\t\t\t\t\t\t<div class=\"elementor-container elementor-column-gap-no\">\n\t\t\t\t\t\t\t<div class=\"elementor-row\">\n\t\t\t\t\t<div class=\"elementor-column elementor-col-100 elementor-top-column elementor-element elementor-element-941bd15\" data-id=\"941bd15\" data-element_type=\"column\">\n\t\t\t<div class=\"elementor-column-wrap elementor-element-populated\">\n\t\t\t\t\t\t\t<div class=\"elementor-widget-wrap\">\n\t\t\t\t\t\t<section class=\"elementor-section elementor-inner-section elementor-element elementor-element-57f75f3 elementor-section-boxed elementor-section-height-default elementor-section-height-default\" data-id=\"57f75f3\" data-element_type=\"section\">\n\t\t\t\t\t\t<div class=\"elementor-container elementor-column-gap-default\">\n\t\t\t\t\t\t\t<div class=\"elementor-row\">\n\t\t\t\t\t<div class=\"elementor-column elementor-col-50 elementor-inner-column elementor-element elementor-element-654c06e\" data-id=\"654c06e\" data-element_type=\"column\">\n\t\t\t<div class=\"elementor-column-wrap elementor-element-populated\">\n\t\t\t\t\t\t\t<div class=\"elementor-widget-wrap\">\n\t\t\t\t\t\t<div class=\"elementor-element elementor-element-f5939ec elementor-widget elementor-widget-heading\" data-id=\"f5939ec\" data-element_type=\"widget\" data-widget_type=\"heading.default\">\n\t\t\t\t<div class=\"elementor-widget-container\">\n\t\t\t<h2 class=\"elementor-heading-title elementor-size-default\">Mechanical processing | OMEK<\/h2>\t\t<\/div>\n\t\t\t\t<\/div>\n\t\t\t\t<div class=\"elementor-element elementor-element-acf2520 elementor-widget elementor-widget-text-editor\" data-id=\"acf2520\" data-element_type=\"widget\" data-widget_type=\"text-editor.default\">\n\t\t\t\t<div class=\"elementor-widget-container\">\n\t\t\t\t\t\t\t\t<div class=\"elementor-text-editor elementor-clearfix\">\n\t\t\t\t<p>OMEK's modern machine park, together with the employees' expertise, enables high-quality processing that is delivered to, among other, the pharmaceutical industry. OMEK specializes in complex details such as flow cells and instrument pockets in stainless steel alloys. The right geometry and surface finish directly from machine is always our goal.<\/p><p><b>Programming: <\/b>Mastercam, SmoothG and Autodesk Fusion 360<\/p><p style=\"font-size: 16px; font-style: normal; font-weight: 400;\"><span style=\"font-weight: bold;\">Methods:<\/span>\u00a05-axis milling, turning, honing<\/p><p style=\"font-size: 16px; font-style: normal; font-weight: 400;\"><span style=\"font-weight: bold;\">Materials:<\/span>\u00a0Stainless materials, titanium,<span style=\"font-size: 16px; font-style: normal; font-weight: 400;\">\u00a0aluminium, PP and PEEK<\/span><\/p>\t\t\t\t\t<\/div>\n\t\t\t\t\t\t<\/div>\n\t\t\t\t<\/div>\n\t\t\t\t<section class=\"elementor-section elementor-inner-section elementor-element elementor-element-e432494 elementor-section-boxed elementor-section-height-default elementor-section-height-default\" data-id=\"e432494\" data-element_type=\"section\">\n\t\t\t\t\t\t<div class=\"elementor-container elementor-column-gap-no\">\n\t\t\t\t\t\t\t<div class=\"elementor-row\">\n\t\t\t\t\t<div class=\"elementor-column elementor-col-100 elementor-inner-column elementor-element elementor-element-d29254c\" data-id=\"d29254c\" data-element_type=\"column\">\n\t\t\t<div class=\"elementor-column-wrap\">\n\t\t\t\t\t\t\t<div class=\"elementor-widget-wrap\">\n\t\t\t\t\t\t\t\t<\/div>\n\t\t\t\t\t<\/div>\n\t\t<\/div>\n\t\t\t\t\t\t\t\t<\/div>\n\t\t\t\t\t<\/div>\n\t\t<\/section>\n\t\t\t\t\t\t<\/div>\n\t\t\t\t\t<\/div>\n\t\t<\/div>\n\t\t\t\t<div class=\"elementor-column elementor-col-50 elementor-inner-column elementor-element elementor-element-c293a80\" data-id=\"c293a80\" data-element_type=\"column\">\n\t\t\t<div class=\"elementor-column-wrap elementor-element-populated\">\n\t\t\t\t\t\t\t<div class=\"elementor-widget-wrap\">\n\t\t\t\t\t\t<div class=\"elementor-element elementor-element-31c89af elementor-widget elementor-widget-text-editor\" data-id=\"31c89af\" data-element_type=\"widget\" data-widget_type=\"text-editor.default\">\n\t\t\t\t<div class=\"elementor-widget-container\">\n\t\t\t\t\t\t\t\t<div class=\"elementor-text-editor elementor-clearfix\">\n\t\t\t\t<p><b>Machine park:<\/b><\/p><ul><li>Mazak QT250MY Smooth G, 2018\u00a0<\/li><li style=\"font-size: 16px;\">Mazak QT250MY Smooth G, 2021<\/li><li style=\"font-size: 16px;\">Mazak QT250MSY Smooth G, 2021<\/li><li style=\"font-size: 16px;\">Mazak QT250MSY Smooth G, 2022<\/li><li style=\"font-size: 16px;\">Mazak QT350MY Smooth G, 2020\u00a0<\/li><li>Mazak Varioaxis J 500 Smooth G, 2016<\/li><li style=\"font-size: 16px;\">Mazak Varioaxis J 500 Smooth G, 2018<\/li><li style=\"font-size: 16px;\">Mazak Varioaxis I 500 Smooth G, 2016<\/li><li><span style=\"font-size: 16px;\">Mazak VTC 760C Smooth G, 2020\u00a0<\/span><\/li><li><span style=\"font-size: 16px;\">Mazak Integrex 100, 2006\u00a0<\/span><\/li><li>Mazak Nexus 250-II, 2006\u00a0<\/li><li>Mazak Quickturn 28, 2006\u00a0<\/li><li>Mazak Super Quickturn 250, 2004\u00a0<\/li><li>Honing machine<\/li><\/ul>\t\t\t\t\t<\/div>\n\t\t\t\t\t\t<\/div>\n\t\t\t\t<\/div>\n\t\t\t\t\t\t<\/div>\n\t\t\t\t\t<\/div>\n\t\t<\/div>\n\t\t\t\t\t\t\t\t<\/div>\n\t\t\t\t\t<\/div>\n\t\t<\/section>\n\t\t\t\t<section class=\"elementor-section elementor-inner-section elementor-element elementor-element-892f564 elementor-section-boxed elementor-section-height-default elementor-section-height-default\" data-id=\"892f564\" data-element_type=\"section\">\n\t\t\t\t\t\t<div class=\"elementor-container elementor-column-gap-default\">\n\t\t\t\t\t\t\t<div class=\"elementor-row\">\n\t\t\t\t\t<div class=\"elementor-column elementor-col-50 elementor-inner-column elementor-element elementor-element-1b4e35c\" data-id=\"1b4e35c\" data-element_type=\"column\">\n\t\t\t<div class=\"elementor-column-wrap elementor-element-populated\">\n\t\t\t\t\t\t\t<div class=\"elementor-widget-wrap\">\n\t\t\t\t\t\t<div class=\"elementor-element elementor-element-371f323 elementor-widget elementor-widget-image\" data-id=\"371f323\" data-element_type=\"widget\" data-widget_type=\"image.default\">\n\t\t\t\t<div class=\"elementor-widget-container\">\n\t\t\t\t\t\t\t\t<div class=\"elementor-image\">\n\t\t\t\t\t\t\t\t\t\t\t\t<img decoding=\"async\" width=\"1024\" height=\"640\" src=\"http:\/\/media1.nordholms.se\/2021\/04\/Exempel_fullstorlek-scaled-e1617865243565-1024x640.jpg\" class=\"attachment-large size-large wp-image-25309\" alt=\"\" loading=\"lazy\" srcset=\"http:\/\/media1.nordholms.se\/2021\/04\/Exempel_fullstorlek-scaled-e1617865243565-1024x640.jpg 1024w, http:\/\/media1.nordholms.se\/2021\/04\/Exempel_fullstorlek-scaled-e1617865243565-300x188.jpg 300w, http:\/\/media1.nordholms.se\/2021\/04\/Exempel_fullstorlek-scaled-e1617865243565-768x480.jpg 768w, http:\/\/media1.nordholms.se\/2021\/04\/Exempel_fullstorlek-scaled-e1617865243565-1536x960.jpg 1536w, http:\/\/media1.nordholms.se\/2021\/04\/Exempel_fullstorlek-scaled-e1617865243565-2048x1280.jpg 2048w\" sizes=\"(max-width: 1024px) 100vw, 1024px\" \/>\t\t\t\t\t\t\t\t\t\t\t\t\t\t<\/div>\n\t\t\t\t\t\t<\/div>\n\t\t\t\t<\/div>\n\t\t\t\t\t\t<\/div>\n\t\t\t\t\t<\/div>\n\t\t<\/div>\n\t\t\t\t<div class=\"elementor-column elementor-col-50 elementor-inner-column elementor-element elementor-element-46e1f35\" data-id=\"46e1f35\" data-element_type=\"column\">\n\t\t\t<div class=\"elementor-column-wrap elementor-element-populated\">\n\t\t\t\t\t\t\t<div class=\"elementor-widget-wrap\">\n\t\t\t\t\t\t<div class=\"elementor-element elementor-element-a7821d3 elementor-widget elementor-widget-image\" data-id=\"a7821d3\" data-element_type=\"widget\" data-widget_type=\"image.default\">\n\t\t\t\t<div class=\"elementor-widget-container\">\n\t\t\t\t\t\t\t\t<div class=\"elementor-image\">\n\t\t\t\t\t\t\t\t\t\t\t\t<img decoding=\"async\" width=\"1536\" height=\"960\" src=\"http:\/\/media1.nordholms.se\/2021\/11\/850_5991-till-mek-berab-byt-ut-bild-med-borr-scaled-e1637309095160-1536x960.jpg\" class=\"attachment-1536x1536 size-1536x1536 wp-image-25862\" alt=\"\" loading=\"lazy\" srcset=\"http:\/\/media1.nordholms.se\/2021\/11\/850_5991-till-mek-berab-byt-ut-bild-med-borr-scaled-e1637309095160-1536x960.jpg 1536w, http:\/\/media1.nordholms.se\/2021\/11\/850_5991-till-mek-berab-byt-ut-bild-med-borr-scaled-e1637309095160-300x188.jpg 300w, http:\/\/media1.nordholms.se\/2021\/11\/850_5991-till-mek-berab-byt-ut-bild-med-borr-scaled-e1637309095160-1024x640.jpg 1024w, http:\/\/media1.nordholms.se\/2021\/11\/850_5991-till-mek-berab-byt-ut-bild-med-borr-scaled-e1637309095160-768x480.jpg 768w, http:\/\/media1.nordholms.se\/2021\/11\/850_5991-till-mek-berab-byt-ut-bild-med-borr-scaled-e1637309095160-2048x1280.jpg 2048w\" sizes=\"(max-width: 1536px) 100vw, 1536px\" \/>\t\t\t\t\t\t\t\t\t\t\t\t\t\t<\/div>\n\t\t\t\t\t\t<\/div>\n\t\t\t\t<\/div>\n\t\t\t\t\t\t<\/div>\n\t\t\t\t\t<\/div>\n\t\t<\/div>\n\t\t\t\t\t\t\t\t<\/div>\n\t\t\t\t\t<\/div>\n\t\t<\/section>\n\t\t\t\t\t\t<\/div>\n\t\t\t\t\t<\/div>\n\t\t<\/div>\n\t\t\t\t\t\t\t\t<\/div>\n\t\t\t\t\t<\/div>\n\t\t<\/section>\n\t\t\t\t\t\t\t\t\t<\/div>\n\t\t\t<\/div>\n\t\t\t\t\t<\/div>","protected":false},"excerpt":{"rendered":"<p>Bearbetning | Komplexa detaljer efter era behov Bearbetning | OMEK OMEK:s moderna maskinpark tillsammans med medarbetarnas kompetens m\u00f6jligg\u00f6r h\u00f6gklassiga bearbetningar som levereras till bland annat l\u00e4kemedelsindustrin. OMEK \u00e4r specialiserade mot komplexa detaljer som fl\u00f6desceller och instrumentfickor i rostfria legeringar. R\u00e4tt geometri samt yta direkt fr\u00e5n maskin \u00e4r alltid v\u00e5r m\u00e5ls\u00e4ttning. Programmering: Mastercam, SmoothG och Autodesk &hellip;<\/p>\n<p class=\"read-more\"> <a class=\"\" href=\"http:\/\/new2021.nordholms.se\/en\/tjanster\/bearbetning\/\"> <span class=\"screen-reader-text\">Mechanical processing<\/span> Read More &raquo;<\/a><\/p>","protected":false},"author":2,"featured_media":0,"parent":25109,"menu_order":1,"comment_status":"closed","ping_status":"closed","template":"","meta":{"site-sidebar-layout":"no-sidebar","site-content-layout":"page-builder","ast-global-header-display":"","ast-main-header-display":"","ast-hfb-above-header-display":"","ast-hfb-below-header-display":"","ast-hfb-mobile-header-display":"","site-post-title":"disabled","ast-breadcrumbs-content":"","ast-featured-img":"disabled","footer-sml-layout":"","theme-transparent-header-meta":"default","adv-header-id-meta":"","stick-header-meta":"","header-above-stick-meta":"","header-main-stick-meta":"","header-below-stick-meta":""},"_links":{"self":[{"href":"http:\/\/new2021.nordholms.se\/en\/wp-json\/wp\/v2\/pages\/25090"}],"collection":[{"href":"http:\/\/new2021.nordholms.se\/en\/wp-json\/wp\/v2\/pages"}],"about":[{"href":"http:\/\/new2021.nordholms.se\/en\/wp-json\/wp\/v2\/types\/page"}],"author":[{"embeddable":true,"href":"http:\/\/new2021.nordholms.se\/en\/wp-json\/wp\/v2\/users\/2"}],"replies":[{"embeddable":true,"href":"http:\/\/new2021.nordholms.se\/en\/wp-json\/wp\/v2\/comments?post=25090"}],"version-history":[{"count":133,"href":"http:\/\/new2021.nordholms.se\/en\/wp-json\/wp\/v2\/pages\/25090\/revisions"}],"predecessor-version":[{"id":27053,"href":"http:\/\/new2021.nordholms.se\/en\/wp-json\/wp\/v2\/pages\/25090\/revisions\/27053"}],"up":[{"embeddable":true,"href":"http:\/\/new2021.nordholms.se\/en\/wp-json\/wp\/v2\/pages\/25109"}],"wp:attachment":[{"href":"http:\/\/new2021.nordholms.se\/en\/wp-json\/wp\/v2\/media?parent=25090"}],"curies":[{"name":"wp","href":"https:\/\/api.w.org\/{rel}","templated":true}]}}