{"id":25117,"date":"2021-03-18T10:38:16","date_gmt":"2021-03-18T10:38:16","guid":{"rendered":"http:\/\/new2021.nordholms.se\/?page_id=25117"},"modified":"2022-08-30T11:57:47","modified_gmt":"2022-08-30T11:57:47","slug":"svetsning","status":"publish","type":"page","link":"http:\/\/new2021.nordholms.se\/en\/tjanster\/svetsning\/","title":{"rendered":"Welding"},"content":{"rendered":"<div data-elementor-type=\"wp-page\" data-elementor-id=\"25117\" class=\"elementor elementor-25117\">\n\t\t\t\t\t\t<div class=\"elementor-inner\">\n\t\t\t\t<div class=\"elementor-section-wrap\">\n\t\t\t\t\t\t\t\t\t<section class=\"elementor-section elementor-top-section elementor-element elementor-element-90a7053 elementor-section-boxed elementor-section-height-default elementor-section-height-default\" data-id=\"90a7053\" data-element_type=\"section\" data-settings=\"{&quot;background_background&quot;:&quot;classic&quot;}\">\n\t\t\t\t\t\t\t<div class=\"elementor-background-overlay\"><\/div>\n\t\t\t\t\t\t\t<div class=\"elementor-container elementor-column-gap-default\">\n\t\t\t\t\t\t\t<div class=\"elementor-row\">\n\t\t\t\t\t<div class=\"elementor-column elementor-col-100 elementor-top-column elementor-element elementor-element-0077f3d\" data-id=\"0077f3d\" data-element_type=\"column\">\n\t\t\t<div class=\"elementor-column-wrap elementor-element-populated\">\n\t\t\t\t\t\t\t<div class=\"elementor-widget-wrap\">\n\t\t\t\t\t\t<div class=\"elementor-element elementor-element-edaa24b elementor-position-left elementor-vertical-align-top elementor-widget elementor-widget-image-box\" data-id=\"edaa24b\" data-element_type=\"widget\" data-widget_type=\"image-box.default\">\n\t\t\t\t<div class=\"elementor-widget-container\">\n\t\t\t<div class=\"elementor-image-box-wrapper\"><div class=\"elementor-image-box-content\"><h1 class=\"elementor-image-box-title\">Your welding partner<\/h1><\/div><\/div>\t\t<\/div>\n\t\t\t\t<\/div>\n\t\t\t\t\t\t<\/div>\n\t\t\t\t\t<\/div>\n\t\t<\/div>\n\t\t\t\t\t\t\t\t<\/div>\n\t\t\t\t\t<\/div>\n\t\t<\/section>\n\t\t\t\t<section class=\"elementor-section elementor-top-section elementor-element elementor-element-d1f7bc3 elementor-section-boxed elementor-section-height-default elementor-section-height-default\" data-id=\"d1f7bc3\" data-element_type=\"section\" data-settings=\"{&quot;background_background&quot;:&quot;classic&quot;}\">\n\t\t\t\t\t\t<div class=\"elementor-container elementor-column-gap-no\">\n\t\t\t\t\t\t\t<div class=\"elementor-row\">\n\t\t\t\t\t<div class=\"elementor-column elementor-col-100 elementor-top-column elementor-element elementor-element-592a62e\" data-id=\"592a62e\" data-element_type=\"column\">\n\t\t\t<div class=\"elementor-column-wrap elementor-element-populated\">\n\t\t\t\t\t\t\t<div class=\"elementor-widget-wrap\">\n\t\t\t\t\t\t<section class=\"elementor-section elementor-inner-section elementor-element elementor-element-62b503d elementor-section-boxed elementor-section-height-default elementor-section-height-default\" data-id=\"62b503d\" data-element_type=\"section\">\n\t\t\t\t\t\t<div class=\"elementor-container elementor-column-gap-default\">\n\t\t\t\t\t\t\t<div class=\"elementor-row\">\n\t\t\t\t\t<div class=\"elementor-column elementor-col-50 elementor-inner-column elementor-element elementor-element-b88af30\" data-id=\"b88af30\" data-element_type=\"column\">\n\t\t\t<div class=\"elementor-column-wrap elementor-element-populated\">\n\t\t\t\t\t\t\t<div class=\"elementor-widget-wrap\">\n\t\t\t\t\t\t<div class=\"elementor-element elementor-element-33306dd elementor-widget elementor-widget-heading\" data-id=\"33306dd\" data-element_type=\"widget\" data-widget_type=\"heading.default\">\n\t\t\t\t<div class=\"elementor-widget-container\">\n\t\t\t<h2 class=\"elementor-heading-title elementor-size-default\">Welding | Nordholms<\/h2>\t\t<\/div>\n\t\t\t\t<\/div>\n\t\t\t\t<div class=\"elementor-element elementor-element-d62d929 elementor-widget elementor-widget-text-editor\" data-id=\"d62d929\" data-element_type=\"widget\" data-widget_type=\"text-editor.default\">\n\t\t\t\t<div class=\"elementor-widget-container\">\n\t\t\t\t\t\t\t\t<div class=\"elementor-text-editor elementor-clearfix\">\n\t\t\t\t<p><span style=\"font-size: 16px; font-style: normal; font-weight: 400;\">Welding in stainless steel places high demands on both the individual and the company's system of routines and instructions.<\/span><span style=\"font-size: 16px; font-style: normal; font-weight: 400;\">\u00a0<\/span>With more than 40 years in the welding field, we have built up a large knowledge bank when it comes to execution, standards and\u00a0<\/p><p>Our daily welding process is TIG in stainless materials, but also hastalloy and titanium occur, as well as the joining of plastic pipes where our VNF equipment\u00a0<span style=\"font-size: 16px; font-style: normal; font-weight: 400;\">(Vulst Note Free)<\/span><span style=\"font-size: 16px;\">\u00a0provides a bead-free weld.<\/span><\/p><p>For welding in metals, we work within the following dimensions:<\/p><ul><li>Diameter between 2.5-300mm<\/li><li>Material thickness between 0.5-25mm.<\/li><\/ul>\t\t\t\t\t<\/div>\n\t\t\t\t\t\t<\/div>\n\t\t\t\t<\/div>\n\t\t\t\t\t\t<\/div>\n\t\t\t\t\t<\/div>\n\t\t<\/div>\n\t\t\t\t<div class=\"elementor-column elementor-col-50 elementor-inner-column elementor-element elementor-element-91f2d94\" data-id=\"91f2d94\" data-element_type=\"column\">\n\t\t\t<div class=\"elementor-column-wrap elementor-element-populated\">\n\t\t\t\t\t\t\t<div class=\"elementor-widget-wrap\">\n\t\t\t\t\t\t<div class=\"elementor-element elementor-element-e6dba23 elementor-widget elementor-widget-text-editor\" data-id=\"e6dba23\" data-element_type=\"widget\" data-widget_type=\"text-editor.default\">\n\t\t\t\t<div class=\"elementor-widget-container\">\n\t\t\t\t\t\t\t\t<div class=\"elementor-text-editor elementor-clearfix\">\n\t\t\t\t<p style=\"font-size: 16px; font-style: normal;\"><b>Welding quality<br \/><\/b><span style=\"font-weight: 400; font-size: 16px; font-style: normal;\">To ensure good welding quality, we work with 3rd party approved WPQR and WPS as well as qualified welders according to current ISO standards and PED. We have good knowledge, in above all, TIG welding with\u00a0<a style=\"font-size: 16px;\" href=\"http:\/\/new2021.nordholms.se\/en\/kontakt\/\">IWS<\/a>\u00a0in house.<\/span><span style=\"font-weight: 400; font-size: 16px; font-style: normal;\">\u00a0<\/span><\/p><p style=\"font-size: 16px; font-style: normal; font-weight: 400;\"><span style=\"font-size: 16px; font-style: normal; font-weight: 400;\">All production personnel, who handle welding in any way in their daily work, are trained in visual inspection according to ISO 5817.<\/span><\/p><p style=\"font-size: 16px; font-style: normal; font-weight: 400;\"><span style=\"font-size: 16px; font-style: normal; font-weight: 400;\">We also work with welding consultation, if you need welding advice contact our <\/span><a style=\"font-size: 16px; font-style: normal; font-weight: 400; background-color: #ffffff;\" href=\"http:\/\/new2021.nordholms.se\/en\/kontakt\/\">IWS<\/a><span style=\"font-size: 16px; font-style: normal; font-weight: 400;\">.<\/span><\/p>\t\t\t\t\t<\/div>\n\t\t\t\t\t\t<\/div>\n\t\t\t\t<\/div>\n\t\t\t\t\t\t<\/div>\n\t\t\t\t\t<\/div>\n\t\t<\/div>\n\t\t\t\t\t\t\t\t<\/div>\n\t\t\t\t\t<\/div>\n\t\t<\/section>\n\t\t\t\t<section class=\"elementor-section elementor-inner-section elementor-element elementor-element-81d8216 elementor-section-boxed elementor-section-height-default elementor-section-height-default\" data-id=\"81d8216\" data-element_type=\"section\">\n\t\t\t\t\t\t<div class=\"elementor-container elementor-column-gap-default\">\n\t\t\t\t\t\t\t<div class=\"elementor-row\">\n\t\t\t\t\t<div class=\"elementor-column elementor-col-50 elementor-inner-column elementor-element elementor-element-c5be5d2\" data-id=\"c5be5d2\" data-element_type=\"column\">\n\t\t\t<div class=\"elementor-column-wrap elementor-element-populated\">\n\t\t\t\t\t\t\t<div class=\"elementor-widget-wrap\">\n\t\t\t\t\t\t<div class=\"elementor-element elementor-element-6644484 elementor-widget elementor-widget-image\" data-id=\"6644484\" data-element_type=\"widget\" data-widget_type=\"image.default\">\n\t\t\t\t<div class=\"elementor-widget-container\">\n\t\t\t\t\t\t\t\t<div class=\"elementor-image\">\n\t\t\t\t\t\t\t\t\t\t\t\t<img decoding=\"async\" src=\"http:\/\/media1.nordholms.se\/elementor\/thumbs\/850_5918-scaled-e1637242966829-pg8xkvp6py8860v0lfolmi5prurc39wt1dmsce72le.jpg\" title=\"850_5918\" alt=\"850_5918\" loading=\"lazy\" \/>\t\t\t\t\t\t\t\t\t\t\t\t\t\t<\/div>\n\t\t\t\t\t\t<\/div>\n\t\t\t\t<\/div>\n\t\t\t\t\t\t<\/div>\n\t\t\t\t\t<\/div>\n\t\t<\/div>\n\t\t\t\t<div class=\"elementor-column elementor-col-50 elementor-inner-column elementor-element elementor-element-62b57f8\" data-id=\"62b57f8\" data-element_type=\"column\">\n\t\t\t<div class=\"elementor-column-wrap elementor-element-populated\">\n\t\t\t\t\t\t\t<div class=\"elementor-widget-wrap\">\n\t\t\t\t\t\t<div class=\"elementor-element elementor-element-7398dee elementor-widget elementor-widget-image\" data-id=\"7398dee\" data-element_type=\"widget\" data-widget_type=\"image.default\">\n\t\t\t\t<div class=\"elementor-widget-container\">\n\t\t\t\t\t\t\t\t<div class=\"elementor-image\">\n\t\t\t\t\t\t\t\t\t\t\t\t<img decoding=\"async\" src=\"http:\/\/media1.nordholms.se\/elementor\/thumbs\/montering-scaled-pm1wglbts1h1fwb5bz3q8l0xe95kwg9w6apcr36g9u.jpg\" title=\"montering\" alt=\"montering\" loading=\"lazy\" \/>\t\t\t\t\t\t\t\t\t\t\t\t\t\t<\/div>\n\t\t\t\t\t\t<\/div>\n\t\t\t\t<\/div>\n\t\t\t\t\t\t<\/div>\n\t\t\t\t\t<\/div>\n\t\t<\/div>\n\t\t\t\t\t\t\t\t<\/div>\n\t\t\t\t\t<\/div>\n\t\t<\/section>\n\t\t\t\t<section class=\"elementor-section elementor-inner-section elementor-element elementor-element-afe6547 elementor-section-boxed elementor-section-height-default elementor-section-height-default\" data-id=\"afe6547\" data-element_type=\"section\">\n\t\t\t\t\t\t<div class=\"elementor-container elementor-column-gap-default\">\n\t\t\t\t\t\t\t<div class=\"elementor-row\">\n\t\t\t\t\t<div class=\"elementor-column elementor-col-50 elementor-inner-column elementor-element elementor-element-560c443\" data-id=\"560c443\" data-element_type=\"column\">\n\t\t\t<div class=\"elementor-column-wrap elementor-element-populated\">\n\t\t\t\t\t\t\t<div class=\"elementor-widget-wrap\">\n\t\t\t\t\t\t<div class=\"elementor-element elementor-element-f7593a8 elementor-widget elementor-widget-text-editor\" data-id=\"f7593a8\" data-element_type=\"widget\" data-widget_type=\"text-editor.default\">\n\t\t\t\t<div class=\"elementor-widget-container\">\n\t\t\t\t\t\t\t\t<div class=\"elementor-text-editor elementor-clearfix\">\n\t\t\t\t<p><span style=\"font-size: 16px; font-style: normal; font-weight: bold;\">Orbital welding\/Mechanized welding<br \/><\/span><span style=\"font-size: 16px; font-style: normal; font-weight: 400;\">Our main welding method is orbital welding where we have a large number of equipment, many WPSs and skilled operators. As with all joining, joint preparation is A and O and at least as important is the quality of the staple and that protective gas is used, to prevent discolouration and oxides.\u00a0<\/span><\/p><p><span style=\"font-size: 16px; font-style: normal; font-weight: bold;\">Manual welding<\/span><br \/><span style=\"font-size: 16px; font-style: normal; font-weight: 400;\">Manual joining is carried out in TIG and is mainly used for stapling pipes and for stand welding. In addition to TIG welding, we have competence in most methods.<\/span><span style=\"font-size: 16px; font-style: normal; font-weight: 400;\"><br \/><\/span><\/p><p><span style=\"font-size: 16px; font-style: normal;\"><b>Plastic welding<br \/><\/b><\/span><span style=\"font-size: 16px; font-style: normal; font-weight: 400;\">Several methods are available for joining plastic materials, where we have specialized in the VNF method that meets the requirements of ASME-BPE. As this equipment is not applicable for the smaller pipe dimensions (3-16mm)  we are in the development phase with a mechanized equipment with welding results in accordance with ASME-BPE.<\/span><\/p><p style=\"font-size: 16px; font-style: normal; font-weight: 400;\">\u00a0<\/p><p style=\"font-size: 16px; font-style: normal; font-weight: 400;\">\u00a0<\/p>\t\t\t\t\t<\/div>\n\t\t\t\t\t\t<\/div>\n\t\t\t\t<\/div>\n\t\t\t\t\t\t<\/div>\n\t\t\t\t\t<\/div>\n\t\t<\/div>\n\t\t\t\t<div class=\"elementor-column elementor-col-50 elementor-inner-column elementor-element elementor-element-6246b8e\" data-id=\"6246b8e\" data-element_type=\"column\">\n\t\t\t<div class=\"elementor-column-wrap elementor-element-populated\">\n\t\t\t\t\t\t\t<div class=\"elementor-widget-wrap\">\n\t\t\t\t\t\t<div class=\"elementor-element elementor-element-a7428c6 elementor-widget elementor-widget-video\" data-id=\"a7428c6\" data-element_type=\"widget\" data-settings=\"{&quot;youtube_url&quot;:&quot;https:\\\/\\\/www.youtube.com\\\/watch?v=jQIJr-6o21c&quot;,&quot;start&quot;:15,&quot;autoplay&quot;:&quot;yes&quot;,&quot;play_on_mobile&quot;:&quot;yes&quot;,&quot;mute&quot;:&quot;yes&quot;,&quot;modestbranding&quot;:&quot;yes&quot;,&quot;video_type&quot;:&quot;youtube&quot;,&quot;controls&quot;:&quot;yes&quot;}\" data-widget_type=\"video.default\">\n\t\t\t\t<div class=\"elementor-widget-container\">\n\t\t\t\t\t<div class=\"elementor-wrapper elementor-open-inline\">\n\t\t\t<div class=\"elementor-video\"><\/div>\t\t<\/div>\n\t\t\t\t<\/div>\n\t\t\t\t<\/div>\n\t\t\t\t<div class=\"elementor-element elementor-element-342f5d1 elementor-widget elementor-widget-text-editor\" data-id=\"342f5d1\" data-element_type=\"widget\" data-widget_type=\"text-editor.default\">\n\t\t\t\t<div class=\"elementor-widget-container\">\n\t\t\t\t\t\t\t\t<div class=\"elementor-text-editor elementor-clearfix\">\n\t\t\t\t<h4 class=\"title style-scope ytd-video-primary-info-renderer\">Orbital TIG welding whith wire feed<\/h4>\t\t\t\t\t<\/div>\n\t\t\t\t\t\t<\/div>\n\t\t\t\t<\/div>\n\t\t\t\t\t\t<\/div>\n\t\t\t\t\t<\/div>\n\t\t<\/div>\n\t\t\t\t\t\t\t\t<\/div>\n\t\t\t\t\t<\/div>\n\t\t<\/section>\n\t\t\t\t<div class=\"elementor-element elementor-element-e6e71be elementor-widget elementor-widget-text-editor\" data-id=\"e6e71be\" data-element_type=\"widget\" data-widget_type=\"text-editor.default\">\n\t\t\t\t<div class=\"elementor-widget-container\">\n\t\t\t\t\t\t\t\t<div class=\"elementor-text-editor elementor-clearfix\">\n\t\t\t\t\t\t\t\t\t<\/div>\n\t\t\t\t\t\t<\/div>\n\t\t\t\t<\/div>\n\t\t\t\t\t\t<\/div>\n\t\t\t\t\t<\/div>\n\t\t<\/div>\n\t\t\t\t\t\t\t\t<\/div>\n\t\t\t\t\t<\/div>\n\t\t<\/section>\n\t\t\t\t\t\t\t\t\t<\/div>\n\t\t\t<\/div>\n\t\t\t\t\t<\/div>","protected":false},"excerpt":{"rendered":"<p>Svetsning | Kompetent partner inom svetsning Svetsning | Nordholms Att svetsa i rostfritt st\u00e4ller h\u00f6ga krav p\u00e5 s\u00e5v\u00e4l individ som f\u00f6retagets system av rutiner och instruktioner.\u00a0Med mer \u00e4n 40 \u00e5r inom svetsomr\u00e5det har vi byggt upp en stor kunskapsbank n\u00e4r det kommer till utf\u00f6rande, standarder och dokumentation.\u00a0 V\u00e5r dagliga svetsprocess \u00e4r TIG i rostfria material &hellip;<\/p>\n<p class=\"read-more\"> <a class=\"\" href=\"http:\/\/new2021.nordholms.se\/en\/tjanster\/svetsning\/\"> <span class=\"screen-reader-text\">Welding<\/span> Read More &raquo;<\/a><\/p>","protected":false},"author":2,"featured_media":0,"parent":25109,"menu_order":2,"comment_status":"closed","ping_status":"closed","template":"","meta":{"site-sidebar-layout":"no-sidebar","site-content-layout":"page-builder","ast-global-header-display":"","ast-main-header-display":"","ast-hfb-above-header-display":"","ast-hfb-below-header-display":"","ast-hfb-mobile-header-display":"","site-post-title":"disabled","ast-breadcrumbs-content":"","ast-featured-img":"disabled","footer-sml-layout":"","theme-transparent-header-meta":"default","adv-header-id-meta":"","stick-header-meta":"","header-above-stick-meta":"","header-main-stick-meta":"","header-below-stick-meta":""},"_links":{"self":[{"href":"http:\/\/new2021.nordholms.se\/en\/wp-json\/wp\/v2\/pages\/25117"}],"collection":[{"href":"http:\/\/new2021.nordholms.se\/en\/wp-json\/wp\/v2\/pages"}],"about":[{"href":"http:\/\/new2021.nordholms.se\/en\/wp-json\/wp\/v2\/types\/page"}],"author":[{"embeddable":true,"href":"http:\/\/new2021.nordholms.se\/en\/wp-json\/wp\/v2\/users\/2"}],"replies":[{"embeddable":true,"href":"http:\/\/new2021.nordholms.se\/en\/wp-json\/wp\/v2\/comments?post=25117"}],"version-history":[{"count":197,"href":"http:\/\/new2021.nordholms.se\/en\/wp-json\/wp\/v2\/pages\/25117\/revisions"}],"predecessor-version":[{"id":27074,"href":"http:\/\/new2021.nordholms.se\/en\/wp-json\/wp\/v2\/pages\/25117\/revisions\/27074"}],"up":[{"embeddable":true,"href":"http:\/\/new2021.nordholms.se\/en\/wp-json\/wp\/v2\/pages\/25109"}],"wp:attachment":[{"href":"http:\/\/new2021.nordholms.se\/en\/wp-json\/wp\/v2\/media?parent=25117"}],"curies":[{"name":"wp","href":"https:\/\/api.w.org\/{rel}","templated":true}]}}