{"id":25300,"date":"2021-04-07T07:25:23","date_gmt":"2021-04-07T07:25:23","guid":{"rendered":"http:\/\/new2021.nordholms.se\/?page_id=25300"},"modified":"2022-08-29T07:43:41","modified_gmt":"2022-08-29T07:43:41","slug":"montering","status":"publish","type":"page","link":"http:\/\/new2021.nordholms.se\/en\/tjanster\/montering\/","title":{"rendered":"Assembly"},"content":{"rendered":"<div data-elementor-type=\"wp-page\" data-elementor-id=\"25300\" class=\"elementor elementor-25300\">\n\t\t\t\t\t\t<div class=\"elementor-inner\">\n\t\t\t\t<div class=\"elementor-section-wrap\">\n\t\t\t\t\t\t\t\t\t<section class=\"elementor-section elementor-top-section elementor-element elementor-element-08804c8 elementor-section-boxed elementor-section-height-default elementor-section-height-default\" data-id=\"08804c8\" data-element_type=\"section\" data-settings=\"{&quot;background_background&quot;:&quot;classic&quot;}\">\n\t\t\t\t\t\t\t<div class=\"elementor-background-overlay\"><\/div>\n\t\t\t\t\t\t\t<div class=\"elementor-container elementor-column-gap-default\">\n\t\t\t\t\t\t\t<div class=\"elementor-row\">\n\t\t\t\t\t<div class=\"elementor-column elementor-col-100 elementor-top-column elementor-element elementor-element-48d9705\" data-id=\"48d9705\" data-element_type=\"column\">\n\t\t\t<div class=\"elementor-column-wrap elementor-element-populated\">\n\t\t\t\t\t\t\t<div class=\"elementor-widget-wrap\">\n\t\t\t\t\t\t<div class=\"elementor-element elementor-element-707fb25 elementor-position-left elementor-vertical-align-top elementor-widget elementor-widget-image-box\" data-id=\"707fb25\" data-element_type=\"widget\" data-widget_type=\"image-box.default\">\n\t\t\t\t<div class=\"elementor-widget-container\">\n\t\t\t<div class=\"elementor-image-box-wrapper\"><div class=\"elementor-image-box-content\"><h1 class=\"elementor-image-box-title\">Assembly | Customized with high competence<\/h1><\/div><\/div>\t\t<\/div>\n\t\t\t\t<\/div>\n\t\t\t\t\t\t<\/div>\n\t\t\t\t\t<\/div>\n\t\t<\/div>\n\t\t\t\t\t\t\t\t<\/div>\n\t\t\t\t\t<\/div>\n\t\t<\/section>\n\t\t\t\t<section class=\"elementor-section elementor-top-section elementor-element elementor-element-b98e10b elementor-section-boxed elementor-section-height-default elementor-section-height-default\" data-id=\"b98e10b\" data-element_type=\"section\" data-settings=\"{&quot;background_background&quot;:&quot;classic&quot;}\">\n\t\t\t\t\t\t<div class=\"elementor-container elementor-column-gap-no\">\n\t\t\t\t\t\t\t<div class=\"elementor-row\">\n\t\t\t\t\t<div class=\"elementor-column elementor-col-100 elementor-top-column elementor-element elementor-element-6c8a4ee\" data-id=\"6c8a4ee\" data-element_type=\"column\">\n\t\t\t<div class=\"elementor-column-wrap elementor-element-populated\">\n\t\t\t\t\t\t\t<div class=\"elementor-widget-wrap\">\n\t\t\t\t\t\t<div class=\"elementor-element elementor-element-bdfb83a elementor-widget elementor-widget-text-editor\" data-id=\"bdfb83a\" data-element_type=\"widget\" data-widget_type=\"text-editor.default\">\n\t\t\t\t<div class=\"elementor-widget-container\">\n\t\t\t\t\t\t\t\t<div class=\"elementor-text-editor elementor-clearfix\">\n\t\t\t\t\t\t\t\t\t<\/div>\n\t\t\t\t\t\t<\/div>\n\t\t\t\t<\/div>\n\t\t\t\t<section class=\"elementor-section elementor-inner-section elementor-element elementor-element-f7d7c64 elementor-section-boxed elementor-section-height-default elementor-section-height-default\" data-id=\"f7d7c64\" data-element_type=\"section\">\n\t\t\t\t\t\t<div class=\"elementor-container elementor-column-gap-default\">\n\t\t\t\t\t\t\t<div class=\"elementor-row\">\n\t\t\t\t\t<div class=\"elementor-column elementor-col-50 elementor-inner-column elementor-element elementor-element-f54320d\" data-id=\"f54320d\" data-element_type=\"column\">\n\t\t\t<div class=\"elementor-column-wrap elementor-element-populated\">\n\t\t\t\t\t\t\t<div class=\"elementor-widget-wrap\">\n\t\t\t\t\t\t<div class=\"elementor-element elementor-element-990d6f3 elementor-widget elementor-widget-heading\" data-id=\"990d6f3\" data-element_type=\"widget\" data-widget_type=\"heading.default\">\n\t\t\t\t<div class=\"elementor-widget-container\">\n\t\t\t<h2 class=\"elementor-heading-title elementor-size-default\">Assembly | Nordholm's<\/h2>\t\t<\/div>\n\t\t\t\t<\/div>\n\t\t\t\t<div class=\"elementor-element elementor-element-81d792d elementor-widget elementor-widget-text-editor\" data-id=\"81d792d\" data-element_type=\"widget\" data-widget_type=\"text-editor.default\">\n\t\t\t\t<div class=\"elementor-widget-container\">\n\t\t\t\t\t\t\t\t<div class=\"elementor-text-editor elementor-clearfix\">\n\t\t\t\t<p>Over the years we have manufactured a large number of complex modules for above all the pharmaceutical and food industries and currently <span style=\"color: #000000;\">we two systems\/week to customer.<\/span><\/p><p><span style=\"color: #000000; font-size: 16px; font-style: normal; font-weight: 400;\">To explain the complexity of our assemblies, a typical unit for the pharmaceutical industry consists of around 200 unique items, contains around 35 welding drawings and around 100 pipe welds.\u00a0<\/span><\/p><p><span style=\"font-size: 16px; font-style: normal; font-weight: 400;\">Our employees have a high level of competence in reading drawings and mechanical installations, and to enable a perfect work, we have several pieces of equipment at our disposal.\u00a0\u00a0<\/span><span style=\"color: #000000; font-size: 16px; font-style: normal; font-weight: 400;\"><br \/><\/span><\/p><p>\u00a0<\/p><p style=\"font-size: 16px; font-style: normal; font-weight: 400;\">\u00a0<\/p>\t\t\t\t\t<\/div>\n\t\t\t\t\t\t<\/div>\n\t\t\t\t<\/div>\n\t\t\t\t\t\t<\/div>\n\t\t\t\t\t<\/div>\n\t\t<\/div>\n\t\t\t\t<div class=\"elementor-column elementor-col-50 elementor-inner-column elementor-element elementor-element-9f593b0\" data-id=\"9f593b0\" data-element_type=\"column\">\n\t\t\t<div class=\"elementor-column-wrap elementor-element-populated\">\n\t\t\t\t\t\t\t<div class=\"elementor-widget-wrap\">\n\t\t\t\t\t\t<div class=\"elementor-element elementor-element-2f72ef5 elementor-widget elementor-widget-text-editor\" data-id=\"2f72ef5\" data-element_type=\"widget\" data-widget_type=\"text-editor.default\">\n\t\t\t\t<div class=\"elementor-widget-container\">\n\t\t\t\t\t\t\t\t<div class=\"elementor-text-editor elementor-clearfix\">\n\t\t\t\t<h6><span style=\"font-size: 16px; font-style: normal;\"><b>Purchasing and warehouse\/logistics<\/b><\/span><\/h6><p><span style=\"font-size: 16px; font-style: normal; font-weight: 400;\">\u00a0F\u00f6r att hantera denna komplexa typ av systembyggnation har vi byggt upp en organisation f\u00f6r ink\u00f6p, lager och logistik.\u00a0 Utifr\u00e5n beredningarna, som v\u00e5ra projektledare bygger, genereras materialbehov och ink\u00f6psf\u00f6rslag i v\u00e5rt MPS-system. MPS-systemet har st\u00f6d f\u00f6r sp\u00e5rbarhet p\u00e5 det k\u00f6pta materialet likv\u00e4l som f\u00f6r det vi tillverkar.<\/span><\/p><p><span style=\"font-size: 16px; font-style: normal; font-weight: 400;\">Another important aspect is the long-term cooperation with our suppliers that we have built up,\u00a0<\/span><span style=\"font-size: 16px; font-style: normal; font-weight: 400;\">which leads to us solving many problems together.<\/span><span style=\"font-size: 16px; font-style: normal; font-weight: 400;\">\u00a0<\/span><\/p><p>\u00a0<\/p>\t\t\t\t\t<\/div>\n\t\t\t\t\t\t<\/div>\n\t\t\t\t<\/div>\n\t\t\t\t\t\t<\/div>\n\t\t\t\t\t<\/div>\n\t\t<\/div>\n\t\t\t\t\t\t\t\t<\/div>\n\t\t\t\t\t<\/div>\n\t\t<\/section>\n\t\t\t\t<section class=\"elementor-section elementor-inner-section elementor-element elementor-element-4524499 elementor-section-boxed elementor-section-height-default elementor-section-height-default\" data-id=\"4524499\" data-element_type=\"section\">\n\t\t\t\t\t\t<div class=\"elementor-container elementor-column-gap-default\">\n\t\t\t\t\t\t\t<div class=\"elementor-row\">\n\t\t\t\t\t<div class=\"elementor-column elementor-col-50 elementor-inner-column elementor-element elementor-element-363023a\" data-id=\"363023a\" data-element_type=\"column\">\n\t\t\t<div class=\"elementor-column-wrap elementor-element-populated\">\n\t\t\t\t\t\t\t<div class=\"elementor-widget-wrap\">\n\t\t\t\t\t\t<div class=\"elementor-element elementor-element-6e24c71 elementor-widget elementor-widget-image\" data-id=\"6e24c71\" data-element_type=\"widget\" data-widget_type=\"image.default\">\n\t\t\t\t<div class=\"elementor-widget-container\">\n\t\t\t\t\t\t\t\t<div class=\"elementor-image\">\n\t\t\t\t\t\t\t\t\t\t\t\t<img decoding=\"async\" width=\"1024\" height=\"686\" src=\"http:\/\/media1.nordholms.se\/2021\/11\/850_6022-till-monteringssidan-1024x686.jpg\" class=\"attachment-large size-large wp-image-25867\" alt=\"\" loading=\"lazy\" srcset=\"http:\/\/media1.nordholms.se\/2021\/11\/850_6022-till-monteringssidan-1024x686.jpg 1024w, http:\/\/media1.nordholms.se\/2021\/11\/850_6022-till-monteringssidan-300x201.jpg 300w, http:\/\/media1.nordholms.se\/2021\/11\/850_6022-till-monteringssidan-768x515.jpg 768w, http:\/\/media1.nordholms.se\/2021\/11\/850_6022-till-monteringssidan-1536x1029.jpg 1536w, http:\/\/media1.nordholms.se\/2021\/11\/850_6022-till-monteringssidan-2048x1372.jpg 2048w\" sizes=\"(max-width: 1024px) 100vw, 1024px\" \/>\t\t\t\t\t\t\t\t\t\t\t\t\t\t<\/div>\n\t\t\t\t\t\t<\/div>\n\t\t\t\t<\/div>\n\t\t\t\t\t\t<\/div>\n\t\t\t\t\t<\/div>\n\t\t<\/div>\n\t\t\t\t<div class=\"elementor-column elementor-col-50 elementor-inner-column elementor-element elementor-element-636a212\" data-id=\"636a212\" data-element_type=\"column\">\n\t\t\t<div class=\"elementor-column-wrap elementor-element-populated\">\n\t\t\t\t\t\t\t<div class=\"elementor-widget-wrap\">\n\t\t\t\t\t\t<div class=\"elementor-element elementor-element-8b449e5 elementor-widget elementor-widget-image\" data-id=\"8b449e5\" data-element_type=\"widget\" data-widget_type=\"image.default\">\n\t\t\t\t<div class=\"elementor-widget-container\">\n\t\t\t\t\t\t\t\t<div class=\"elementor-image\">\n\t\t\t\t\t\t\t\t\t\t\t\t<img decoding=\"async\" src=\"http:\/\/media1.nordholms.se\/elementor\/thumbs\/montering-scaled-pm1wglc3tenq2ths56e1wk3pb313qa54v7bsdkyowg.jpg\" title=\"montering\" alt=\"montering\" loading=\"lazy\" \/>\t\t\t\t\t\t\t\t\t\t\t\t\t\t<\/div>\n\t\t\t\t\t\t<\/div>\n\t\t\t\t<\/div>\n\t\t\t\t\t\t<\/div>\n\t\t\t\t\t<\/div>\n\t\t<\/div>\n\t\t\t\t\t\t\t\t<\/div>\n\t\t\t\t\t<\/div>\n\t\t<\/section>\n\t\t\t\t\t\t<\/div>\n\t\t\t\t\t<\/div>\n\t\t<\/div>\n\t\t\t\t\t\t\t\t<\/div>\n\t\t\t\t\t<\/div>\n\t\t<\/section>\n\t\t\t\t\t\t\t\t\t<\/div>\n\t\t\t<\/div>\n\t\t\t\t\t<\/div>","protected":false},"excerpt":{"rendered":"<p>Montering | Kundanpassat med h\u00f6g kompetens Montering | Nordholms Genom \u00e5ren har vi tillverkat ett stort antal komplexa moduler till framf\u00f6r allt l\u00e4kemedels- och livsmedelsindustrin och f\u00f6r n\u00e4rvarande taktar vi tv\u00e5 system\/vecka till kund. F\u00f6r att f\u00f6rklara komplexiteten i v\u00e5ra montage best\u00e5r en typisk\u00a0 enhet till l\u00e4kemedelsindustrin av runt 200 unika artiklar, inneh\u00e5ller runt 35 &hellip;<\/p>\n<p class=\"read-more\"> <a class=\"\" href=\"http:\/\/new2021.nordholms.se\/en\/tjanster\/montering\/\"> <span class=\"screen-reader-text\">Assembly<\/span> Read More &raquo;<\/a><\/p>","protected":false},"author":2,"featured_media":0,"parent":25109,"menu_order":3,"comment_status":"closed","ping_status":"closed","template":"","meta":{"site-sidebar-layout":"no-sidebar","site-content-layout":"page-builder","ast-global-header-display":"","ast-main-header-display":"","ast-hfb-above-header-display":"","ast-hfb-below-header-display":"","ast-hfb-mobile-header-display":"","site-post-title":"disabled","ast-breadcrumbs-content":"","ast-featured-img":"disabled","footer-sml-layout":"","theme-transparent-header-meta":"default","adv-header-id-meta":"","stick-header-meta":"","header-above-stick-meta":"","header-main-stick-meta":"","header-below-stick-meta":""},"_links":{"self":[{"href":"http:\/\/new2021.nordholms.se\/en\/wp-json\/wp\/v2\/pages\/25300"}],"collection":[{"href":"http:\/\/new2021.nordholms.se\/en\/wp-json\/wp\/v2\/pages"}],"about":[{"href":"http:\/\/new2021.nordholms.se\/en\/wp-json\/wp\/v2\/types\/page"}],"author":[{"embeddable":true,"href":"http:\/\/new2021.nordholms.se\/en\/wp-json\/wp\/v2\/users\/2"}],"replies":[{"embeddable":true,"href":"http:\/\/new2021.nordholms.se\/en\/wp-json\/wp\/v2\/comments?post=25300"}],"version-history":[{"count":136,"href":"http:\/\/new2021.nordholms.se\/en\/wp-json\/wp\/v2\/pages\/25300\/revisions"}],"predecessor-version":[{"id":26839,"href":"http:\/\/new2021.nordholms.se\/en\/wp-json\/wp\/v2\/pages\/25300\/revisions\/26839"}],"up":[{"embeddable":true,"href":"http:\/\/new2021.nordholms.se\/en\/wp-json\/wp\/v2\/pages\/25109"}],"wp:attachment":[{"href":"http:\/\/new2021.nordholms.se\/en\/wp-json\/wp\/v2\/media?parent=25300"}],"curies":[{"name":"wp","href":"https:\/\/api.w.org\/{rel}","templated":true}]}}