{"id":25369,"date":"2021-04-07T12:45:55","date_gmt":"2021-04-07T12:45:55","guid":{"rendered":"http:\/\/new2021.nordholms.se\/?page_id=25369"},"modified":"2022-08-29T07:45:56","modified_gmt":"2022-08-29T07:45:56","slug":"el-och-automation","status":"publish","type":"page","link":"http:\/\/new2021.nordholms.se\/en\/tjanster\/el-och-automation\/","title":{"rendered":"Electrical and automation"},"content":{"rendered":"<div data-elementor-type=\"wp-page\" data-elementor-id=\"25369\" class=\"elementor elementor-25369\">\n\t\t\t\t\t\t<div class=\"elementor-inner\">\n\t\t\t\t<div class=\"elementor-section-wrap\">\n\t\t\t\t\t\t\t\t\t<section class=\"elementor-section elementor-top-section elementor-element elementor-element-b44a9fa elementor-section-boxed elementor-section-height-default elementor-section-height-default\" data-id=\"b44a9fa\" data-element_type=\"section\" data-settings=\"{&quot;background_background&quot;:&quot;classic&quot;}\">\n\t\t\t\t\t\t\t<div class=\"elementor-background-overlay\"><\/div>\n\t\t\t\t\t\t\t<div class=\"elementor-container elementor-column-gap-default\">\n\t\t\t\t\t\t\t<div class=\"elementor-row\">\n\t\t\t\t\t<div class=\"elementor-column elementor-col-100 elementor-top-column elementor-element elementor-element-84c3e81\" data-id=\"84c3e81\" data-element_type=\"column\">\n\t\t\t<div class=\"elementor-column-wrap elementor-element-populated\">\n\t\t\t\t\t\t\t<div class=\"elementor-widget-wrap\">\n\t\t\t\t\t\t<div class=\"elementor-element elementor-element-3e49541 elementor-position-left elementor-vertical-align-top elementor-widget elementor-widget-image-box\" data-id=\"3e49541\" data-element_type=\"widget\" data-widget_type=\"image-box.default\">\n\t\t\t\t<div class=\"elementor-widget-container\">\n\t\t\t<div class=\"elementor-image-box-wrapper\"><div class=\"elementor-image-box-content\"><h1 class=\"elementor-image-box-title\">Electrical and automation | Flexible solutions according to your needs<br><\/h1><\/div><\/div>\t\t<\/div>\n\t\t\t\t<\/div>\n\t\t\t\t\t\t<\/div>\n\t\t\t\t\t<\/div>\n\t\t<\/div>\n\t\t\t\t\t\t\t\t<\/div>\n\t\t\t\t\t<\/div>\n\t\t<\/section>\n\t\t\t\t<section class=\"elementor-section elementor-top-section elementor-element elementor-element-e4a66ab elementor-section-boxed elementor-section-height-default elementor-section-height-default\" data-id=\"e4a66ab\" data-element_type=\"section\" data-settings=\"{&quot;background_background&quot;:&quot;classic&quot;}\">\n\t\t\t\t\t\t<div class=\"elementor-container elementor-column-gap-no\">\n\t\t\t\t\t\t\t<div class=\"elementor-row\">\n\t\t\t\t\t<div class=\"elementor-column elementor-col-100 elementor-top-column elementor-element elementor-element-e1b9d92\" data-id=\"e1b9d92\" data-element_type=\"column\">\n\t\t\t<div class=\"elementor-column-wrap elementor-element-populated\">\n\t\t\t\t\t\t\t<div class=\"elementor-widget-wrap\">\n\t\t\t\t\t\t<section class=\"elementor-section elementor-inner-section elementor-element elementor-element-511c16a elementor-section-boxed elementor-section-height-default elementor-section-height-default\" data-id=\"511c16a\" data-element_type=\"section\">\n\t\t\t\t\t\t<div class=\"elementor-container elementor-column-gap-default\">\n\t\t\t\t\t\t\t<div class=\"elementor-row\">\n\t\t\t\t\t<div class=\"elementor-column elementor-col-50 elementor-inner-column elementor-element elementor-element-b7d9760\" data-id=\"b7d9760\" data-element_type=\"column\">\n\t\t\t<div class=\"elementor-column-wrap elementor-element-populated\">\n\t\t\t\t\t\t\t<div class=\"elementor-widget-wrap\">\n\t\t\t\t\t\t<div class=\"elementor-element elementor-element-63fb010 elementor-widget elementor-widget-heading\" data-id=\"63fb010\" data-element_type=\"widget\" data-widget_type=\"heading.default\">\n\t\t\t\t<div class=\"elementor-widget-container\">\n\t\t\t<h2 class=\"elementor-heading-title elementor-size-default\">Electrical and automation installations | Nordholm's<\/h2>\t\t<\/div>\n\t\t\t\t<\/div>\n\t\t\t\t<div class=\"elementor-element elementor-element-783f4d5 elementor-widget elementor-widget-text-editor\" data-id=\"783f4d5\" data-element_type=\"widget\" data-widget_type=\"text-editor.default\">\n\t\t\t\t<div class=\"elementor-widget-container\">\n\t\t\t\t\t\t\t\t<div class=\"elementor-text-editor elementor-clearfix\">\n\t\t\t\t<p>Electricity and automation are relatively new to us \u2013\u00a0<span style=\"font-size: 16px;\">in order to become a complete partner, we started in 2019 with electricity and automation, a venture that has turned out well and that gives our customers added value in the form of increased knowledge and a smoother process.<\/span><\/p><p>Having electricity and automation \"in house\" also means that we can work across borders and work in parallel mech\/electricity\u00a0<span style=\"font-size: 16px; font-style: normal; font-weight: 400;\">which gives us the opportunity to cut the total lead time in a customer project.<\/span><\/p>\t\t\t\t\t<\/div>\n\t\t\t\t\t\t<\/div>\n\t\t\t\t<\/div>\n\t\t\t\t\t\t<\/div>\n\t\t\t\t\t<\/div>\n\t\t<\/div>\n\t\t\t\t<div class=\"elementor-column elementor-col-50 elementor-inner-column elementor-element elementor-element-8cbd5f4\" data-id=\"8cbd5f4\" data-element_type=\"column\">\n\t\t\t<div class=\"elementor-column-wrap elementor-element-populated\">\n\t\t\t\t\t\t\t<div class=\"elementor-widget-wrap\">\n\t\t\t\t\t\t<div class=\"elementor-element elementor-element-77f6570 elementor-widget elementor-widget-text-editor\" data-id=\"77f6570\" data-element_type=\"widget\" data-widget_type=\"text-editor.default\">\n\t\t\t\t<div class=\"elementor-widget-container\">\n\t\t\t\t\t\t\t\t<div class=\"elementor-text-editor elementor-clearfix\">\n\t\t\t\t<p>\u00a0<\/p><p>Our customers in the pharmaceutical and food industry place high demands on execution and functionality. We carry out installations in device cabinets and assemble them in the customer's system, before delivery we configure and test the equipment according to specified specifications, which enables us to find any errors in components in an earlier stadge.<\/p>\t\t\t\t\t<\/div>\n\t\t\t\t\t\t<\/div>\n\t\t\t\t<\/div>\n\t\t\t\t\t\t<\/div>\n\t\t\t\t\t<\/div>\n\t\t<\/div>\n\t\t\t\t\t\t\t\t<\/div>\n\t\t\t\t\t<\/div>\n\t\t<\/section>\n\t\t\t\t<section class=\"elementor-section elementor-inner-section elementor-element elementor-element-336ed16 elementor-section-boxed elementor-section-height-default elementor-section-height-default\" data-id=\"336ed16\" data-element_type=\"section\">\n\t\t\t\t\t\t<div class=\"elementor-container elementor-column-gap-default\">\n\t\t\t\t\t\t\t<div class=\"elementor-row\">\n\t\t\t\t\t<div class=\"elementor-column elementor-col-50 elementor-inner-column elementor-element elementor-element-721ea56\" data-id=\"721ea56\" data-element_type=\"column\">\n\t\t\t<div class=\"elementor-column-wrap elementor-element-populated\">\n\t\t\t\t\t\t\t<div class=\"elementor-widget-wrap\">\n\t\t\t\t\t\t<div class=\"elementor-element elementor-element-a489fbc elementor-widget elementor-widget-image\" data-id=\"a489fbc\" data-element_type=\"widget\" data-widget_type=\"image.default\">\n\t\t\t\t<div class=\"elementor-widget-container\">\n\t\t\t\t\t\t\t\t<div class=\"elementor-image\">\n\t\t\t\t\t\t\t\t\t\t\t\t<img decoding=\"async\" width=\"1024\" height=\"640\" src=\"http:\/\/media1.nordholms.se\/2021\/04\/850_5962M2-scaled-e1617865972510-1024x640.jpg\" class=\"attachment-large size-large wp-image-25436\" alt=\"\" loading=\"lazy\" srcset=\"http:\/\/media1.nordholms.se\/2021\/04\/850_5962M2-scaled-e1617865972510-1024x640.jpg 1024w, http:\/\/media1.nordholms.se\/2021\/04\/850_5962M2-scaled-e1617865972510-300x188.jpg 300w, http:\/\/media1.nordholms.se\/2021\/04\/850_5962M2-scaled-e1617865972510-768x480.jpg 768w, http:\/\/media1.nordholms.se\/2021\/04\/850_5962M2-scaled-e1617865972510-1536x960.jpg 1536w, http:\/\/media1.nordholms.se\/2021\/04\/850_5962M2-scaled-e1617865972510-2048x1280.jpg 2048w\" sizes=\"(max-width: 1024px) 100vw, 1024px\" \/>\t\t\t\t\t\t\t\t\t\t\t\t\t\t<\/div>\n\t\t\t\t\t\t<\/div>\n\t\t\t\t<\/div>\n\t\t\t\t\t\t<\/div>\n\t\t\t\t\t<\/div>\n\t\t<\/div>\n\t\t\t\t<div class=\"elementor-column elementor-col-50 elementor-inner-column elementor-element elementor-element-9802129\" data-id=\"9802129\" data-element_type=\"column\">\n\t\t\t<div class=\"elementor-column-wrap elementor-element-populated\">\n\t\t\t\t\t\t\t<div class=\"elementor-widget-wrap\">\n\t\t\t\t\t\t<div class=\"elementor-element elementor-element-368b301 elementor-widget elementor-widget-image\" data-id=\"368b301\" data-element_type=\"widget\" data-widget_type=\"image.default\">\n\t\t\t\t<div class=\"elementor-widget-container\">\n\t\t\t\t\t\t\t\t<div class=\"elementor-image\">\n\t\t\t\t\t\t\t\t\t\t\t\t<img decoding=\"async\" width=\"1536\" height=\"960\" src=\"http:\/\/media1.nordholms.se\/2021\/04\/850_5964-scaled-e1617865838120-1536x960.jpg\" class=\"attachment-1536x1536 size-1536x1536 wp-image-25434\" alt=\"\" loading=\"lazy\" srcset=\"http:\/\/media1.nordholms.se\/2021\/04\/850_5964-scaled-e1617865838120-1536x960.jpg 1536w, http:\/\/media1.nordholms.se\/2021\/04\/850_5964-scaled-e1617865838120-300x188.jpg 300w, http:\/\/media1.nordholms.se\/2021\/04\/850_5964-scaled-e1617865838120-1024x640.jpg 1024w, http:\/\/media1.nordholms.se\/2021\/04\/850_5964-scaled-e1617865838120-768x480.jpg 768w, http:\/\/media1.nordholms.se\/2021\/04\/850_5964-scaled-e1617865838120-2048x1280.jpg 2048w\" sizes=\"(max-width: 1536px) 100vw, 1536px\" \/>\t\t\t\t\t\t\t\t\t\t\t\t\t\t<\/div>\n\t\t\t\t\t\t<\/div>\n\t\t\t\t<\/div>\n\t\t\t\t\t\t<\/div>\n\t\t\t\t\t<\/div>\n\t\t<\/div>\n\t\t\t\t\t\t\t\t<\/div>\n\t\t\t\t\t<\/div>\n\t\t<\/section>\n\t\t\t\t\t\t<\/div>\n\t\t\t\t\t<\/div>\n\t\t<\/div>\n\t\t\t\t\t\t\t\t<\/div>\n\t\t\t\t\t<\/div>\n\t\t<\/section>\n\t\t\t\t\t\t\t\t\t<\/div>\n\t\t\t<\/div>\n\t\t\t\t\t<\/div>","protected":false},"excerpt":{"rendered":"<p>El- och automation | Flexibla l\u00f6sningar efter era behov El- och automationsinstallationer | Nordholms El- och automation \u00e4r relativt nytt f\u00f6r oss &#8211;\u00a0f\u00f6r att bli en komplett partner startade vi under 2019 med el- och automation, en satsning som har fallit v\u00e4l ut och som ger v\u00e5ra kunder merv\u00e4rde i form av \u00f6kad kunskap samt &hellip;<\/p>\n<p class=\"read-more\"> <a class=\"\" href=\"http:\/\/new2021.nordholms.se\/en\/tjanster\/el-och-automation\/\"> <span class=\"screen-reader-text\">Electrical and automation<\/span> Read More &raquo;<\/a><\/p>","protected":false},"author":2,"featured_media":0,"parent":25109,"menu_order":4,"comment_status":"closed","ping_status":"closed","template":"","meta":{"site-sidebar-layout":"no-sidebar","site-content-layout":"page-builder","ast-global-header-display":"","ast-main-header-display":"","ast-hfb-above-header-display":"","ast-hfb-below-header-display":"","ast-hfb-mobile-header-display":"","site-post-title":"disabled","ast-breadcrumbs-content":"","ast-featured-img":"disabled","footer-sml-layout":"","theme-transparent-header-meta":"default","adv-header-id-meta":"","stick-header-meta":"","header-above-stick-meta":"","header-main-stick-meta":"","header-below-stick-meta":""},"_links":{"self":[{"href":"http:\/\/new2021.nordholms.se\/en\/wp-json\/wp\/v2\/pages\/25369"}],"collection":[{"href":"http:\/\/new2021.nordholms.se\/en\/wp-json\/wp\/v2\/pages"}],"about":[{"href":"http:\/\/new2021.nordholms.se\/en\/wp-json\/wp\/v2\/types\/page"}],"author":[{"embeddable":true,"href":"http:\/\/new2021.nordholms.se\/en\/wp-json\/wp\/v2\/users\/2"}],"replies":[{"embeddable":true,"href":"http:\/\/new2021.nordholms.se\/en\/wp-json\/wp\/v2\/comments?post=25369"}],"version-history":[{"count":61,"href":"http:\/\/new2021.nordholms.se\/en\/wp-json\/wp\/v2\/pages\/25369\/revisions"}],"predecessor-version":[{"id":26848,"href":"http:\/\/new2021.nordholms.se\/en\/wp-json\/wp\/v2\/pages\/25369\/revisions\/26848"}],"up":[{"embeddable":true,"href":"http:\/\/new2021.nordholms.se\/en\/wp-json\/wp\/v2\/pages\/25109"}],"wp:attachment":[{"href":"http:\/\/new2021.nordholms.se\/en\/wp-json\/wp\/v2\/media?parent=25369"}],"curies":[{"name":"wp","href":"https:\/\/api.w.org\/{rel}","templated":true}]}}