{"id":25386,"date":"2021-04-07T12:55:02","date_gmt":"2021-04-07T12:55:02","guid":{"rendered":"http:\/\/new2021.nordholms.se\/?page_id=25386"},"modified":"2022-08-29T08:39:43","modified_gmt":"2022-08-29T08:39:43","slug":"kvalitet","status":"publish","type":"page","link":"http:\/\/new2021.nordholms.se\/en\/kvalitet\/","title":{"rendered":"Quality"},"content":{"rendered":"<div data-elementor-type=\"wp-page\" data-elementor-id=\"25386\" class=\"elementor elementor-25386\">\n\t\t\t\t\t\t<div class=\"elementor-inner\">\n\t\t\t\t<div class=\"elementor-section-wrap\">\n\t\t\t\t\t\t\t\t\t<section class=\"elementor-section elementor-top-section elementor-element elementor-element-a6ec307 elementor-section-boxed elementor-section-height-default elementor-section-height-default\" data-id=\"a6ec307\" data-element_type=\"section\" data-settings=\"{&quot;background_background&quot;:&quot;classic&quot;}\">\n\t\t\t\t\t\t\t<div class=\"elementor-background-overlay\"><\/div>\n\t\t\t\t\t\t\t<div class=\"elementor-container elementor-column-gap-default\">\n\t\t\t\t\t\t\t<div class=\"elementor-row\">\n\t\t\t\t\t<div class=\"elementor-column elementor-col-100 elementor-top-column elementor-element elementor-element-4c96a2e\" data-id=\"4c96a2e\" data-element_type=\"column\">\n\t\t\t<div class=\"elementor-column-wrap elementor-element-populated\">\n\t\t\t\t\t\t\t<div class=\"elementor-widget-wrap\">\n\t\t\t\t\t\t<div class=\"elementor-element elementor-element-233b779 elementor-position-left elementor-vertical-align-top elementor-widget elementor-widget-image-box\" data-id=\"233b779\" data-element_type=\"widget\" data-widget_type=\"image-box.default\">\n\t\t\t\t<div class=\"elementor-widget-container\">\n\t\t\t<div class=\"elementor-image-box-wrapper\"><div class=\"elementor-image-box-content\"><h1 class=\"elementor-image-box-title\">High demands - our every day<\/h1><\/div><\/div>\t\t<\/div>\n\t\t\t\t<\/div>\n\t\t\t\t\t\t<\/div>\n\t\t\t\t\t<\/div>\n\t\t<\/div>\n\t\t\t\t\t\t\t\t<\/div>\n\t\t\t\t\t<\/div>\n\t\t<\/section>\n\t\t\t\t<section class=\"elementor-section elementor-top-section elementor-element elementor-element-5503604 elementor-section-boxed elementor-section-height-default elementor-section-height-default\" data-id=\"5503604\" data-element_type=\"section\" data-settings=\"{&quot;background_background&quot;:&quot;classic&quot;}\">\n\t\t\t\t\t\t<div class=\"elementor-container elementor-column-gap-no\">\n\t\t\t\t\t\t\t<div class=\"elementor-row\">\n\t\t\t\t\t<div class=\"elementor-column elementor-col-100 elementor-top-column elementor-element elementor-element-7ba5d1a\" data-id=\"7ba5d1a\" data-element_type=\"column\">\n\t\t\t<div class=\"elementor-column-wrap elementor-element-populated\">\n\t\t\t\t\t\t\t<div class=\"elementor-widget-wrap\">\n\t\t\t\t\t\t<section class=\"elementor-section elementor-inner-section elementor-element elementor-element-c2f69dd elementor-section-boxed elementor-section-height-default elementor-section-height-default\" data-id=\"c2f69dd\" data-element_type=\"section\">\n\t\t\t\t\t\t<div class=\"elementor-container elementor-column-gap-default\">\n\t\t\t\t\t\t\t<div class=\"elementor-row\">\n\t\t\t\t\t<div class=\"elementor-column elementor-col-50 elementor-inner-column elementor-element elementor-element-21068d3\" data-id=\"21068d3\" data-element_type=\"column\">\n\t\t\t<div class=\"elementor-column-wrap elementor-element-populated\">\n\t\t\t\t\t\t\t<div class=\"elementor-widget-wrap\">\n\t\t\t\t\t\t<div class=\"elementor-element elementor-element-e6ecd00 elementor-widget elementor-widget-heading\" data-id=\"e6ecd00\" data-element_type=\"widget\" data-widget_type=\"heading.default\">\n\t\t\t\t<div class=\"elementor-widget-container\">\n\t\t\t<h2 class=\"elementor-heading-title elementor-size-default\">Quality<\/h2>\t\t<\/div>\n\t\t\t\t<\/div>\n\t\t\t\t<div class=\"elementor-element elementor-element-1c39f5b elementor-widget elementor-widget-text-editor\" data-id=\"1c39f5b\" data-element_type=\"widget\" data-widget_type=\"text-editor.default\">\n\t\t\t\t<div class=\"elementor-widget-container\">\n\t\t\t\t\t\t\t\t<div class=\"elementor-text-editor elementor-clearfix\">\n\t\t\t\t<p><span style=\"font-size: 16px; font-style: normal; font-weight: 400;\">The ambition is to follow the market and our customers' requirements in the quality area and we have therefore chosen to certify ourselves against ISO 3834-2.  In addition to ISO 3834-2 an internal work is currently underway updating ISO 9001 to the latest version and the goal is certification in 2023.<br \/><\/span><span style=\"font-size: 16px; font-style: normal; font-weight: 400;\"><br \/>ASME-BPE is used in our daily work together with standards that handle surface treatments, pressure vessels as well as most standards in electrical and automation.<\/span><\/p><p style=\"font-size: 16px; font-style: normal; font-weight: 400;\"><span style=\"font-size: 16px; font-style: normal;\"><span style=\"font-weight: bold;\">ISO 9001 &amp; ISO 3834-2 <a href=\"http:\/\/media1.nordholms.se\/2022\/08\/ISO_3834-2.png\">(certificate ISO 3834-2)<\/a><br \/><\/span><\/span><span style=\"font-size: 16px;\">Most people know that ISO 9001 is a cross-functional quality management system, but as a welding company it is ISO 3834 that handles the welding-related questions,\u00a0<\/span><span style=\"font-size: 16px; font-style: normal; font-weight: 400;\">-2 means that we are certified against the highest requirements <\/span><span style=\"font-size: 16px; font-style: normal; font-weight: 400;\">and we did so already in 2007. The certification according to ISO 3834-2\u00a0<\/span><span style=\"font-size: 16px; font-style: normal; font-weight: 400;\">means that we have technically documented competence but also that we ensure that we have the correct equipment to enable the work and lay the foundation for the right quality.<\/span><\/p><p><span style=\"font-size: 16px; font-style: normal; font-weight: 400;\">Knowledge of customers' processes is a prerequisite for being a supplier to the most demanding industries. We are happy to work with our customers at an early stage to provide input from a manufacturer's perspective. We have several examples of how we, together with customers, have developed new solutions to streamline production processes and at the same time ensure good quality<\/span><span style=\"font-size: 16px; font-style: normal; font-weight: 400;\"><br \/><\/span><\/p><p><span style=\"font-size: 16px; font-style: normal; font-weight: 400;\">To prevent the stainless steel from being contaminated, we do not work in black steel, both for our own safety and so that you shall be completely sure that your product do not risk being contaminated.<\/span><span style=\"font-size: 16px; font-style: normal; font-weight: 400;\"><br \/><\/span><\/p><p><span style=\"font-size: 16px; font-style: normal;\"><b>Pressurization <a href=\"http:\/\/media1.nordholms.se\/2022\/08\/ISO_EIEC_17020_C.png\">(ackrediteringsbevis ISO\/IEC 17020 (C))<\/a><br \/><\/b><\/span><span style=\"font-size: 16px; font-style: normal; font-weight: 400;\">Nordholms is accredited by Swedac for pressurization with gas according to ISO \/ IEC 17020. As a control body according to type C, this means that we can perform checks both on installations performed by ourselves or by another manufacturer \/ installer.<\/span><\/p>\t\t\t\t\t<\/div>\n\t\t\t\t\t\t<\/div>\n\t\t\t\t<\/div>\n\t\t\t\t\t\t<\/div>\n\t\t\t\t\t<\/div>\n\t\t<\/div>\n\t\t\t\t<div class=\"elementor-column elementor-col-50 elementor-inner-column elementor-element elementor-element-e7c4283\" data-id=\"e7c4283\" data-element_type=\"column\">\n\t\t\t<div class=\"elementor-column-wrap elementor-element-populated\">\n\t\t\t\t\t\t\t<div class=\"elementor-widget-wrap\">\n\t\t\t\t\t\t<div class=\"elementor-element elementor-element-dc414c4 elementor-widget elementor-widget-text-editor\" data-id=\"dc414c4\" data-element_type=\"widget\" data-widget_type=\"text-editor.default\">\n\t\t\t\t<div class=\"elementor-widget-container\">\n\t\t\t\t\t\t\t\t<div class=\"elementor-text-editor elementor-clearfix\">\n\t\t\t\t<p><b style=\"font-style: inherit;\">\u00a0<\/b><\/p><p><span style=\"font-size: 16px;\"><b>Traceability &amp; identity<br \/><\/b><\/span><span style=\"font-size: 16px; font-style: normal; font-weight: 400;\">The work of maintaining traceability and identity begins already in our goods reception, materials and\u00a0<\/span><span style=\"font-size: 16px; font-style: normal; font-weight: 400;\">documentation is checked before it is stored and the items are handled with traceability in our business system, from receipt to delivery. When material is shared, the batch number is transferred so that the traceability of the material is maintained.<\/span><\/p><p style=\"font-size: 16px; font-style: normal; font-weight: 400;\"><span style=\"font-size: 16px; font-style: normal; font-weight: 400;\">All work is documented and several documents are generated in our various production steps which can be delivered together with the goods to the customer.\u00a0<\/span><\/p><p><b>Quality controls<br \/><\/b><span style=\"font-size: 16px;\">In the different production steps, several different controls are performed such as:<\/span><\/p><ul><li>Ra-meassuring<\/li><li>Visual control<\/li><li>Geometry measurements<\/li><li>Fiber optic control<\/li><li>Pressurization<\/li><li>Leak testing<\/li><li>Penetrant test<\/li><\/ul><p><span style=\"font-size: 16px;\">\u00a0If required\u00a0<\/span><span style=\"font-size: 16px; font-style: normal; font-weight: 400;\">\u00a0<\/span><span style=\"font-size: 16px; font-style: normal; font-weight: 400;\">3rd party control in a project,\u00a0<\/span><span style=\"font-size: 16px;\">we collaborate with several\u00a0<\/span><span style=\"font-size: 16px;\">accredited control companies.<\/span><\/p><p><b>Machines and equipments<br \/><\/b><span style=\"font-size: 16px;\">Achieving good quality and efficiency requires a combination of knowledge, experience and good tools, which is why in recent years large investments in machines and equipment at both OMEK and Nordholms has\u00a0<\/span><span style=\"font-size: 16px; font-style: normal; font-weight: 400;\">been<\/span><span style=\"font-size: 16px; font-style: normal; font-weight: 400;\">\u00a0<\/span><span style=\"font-size: 16px;\">done.<\/span><\/p><p><span style=\"font-size: 16px;\">\u00a0<\/span><\/p><p>\u00a0<\/p>\t\t\t\t\t<\/div>\n\t\t\t\t\t\t<\/div>\n\t\t\t\t<\/div>\n\t\t\t\t\t\t<\/div>\n\t\t\t\t\t<\/div>\n\t\t<\/div>\n\t\t\t\t\t\t\t\t<\/div>\n\t\t\t\t\t<\/div>\n\t\t<\/section>\n\t\t\t\t<section class=\"elementor-section elementor-inner-section elementor-element elementor-element-561dacd elementor-section-boxed elementor-section-height-default elementor-section-height-default\" data-id=\"561dacd\" data-element_type=\"section\">\n\t\t\t\t\t\t<div class=\"elementor-container elementor-column-gap-no\">\n\t\t\t\t\t\t\t<div class=\"elementor-row\">\n\t\t\t\t\t<div class=\"elementor-column elementor-col-100 elementor-inner-column elementor-element elementor-element-2ab6569\" data-id=\"2ab6569\" data-element_type=\"column\">\n\t\t\t<div class=\"elementor-column-wrap\">\n\t\t\t\t\t\t\t<div class=\"elementor-widget-wrap\">\n\t\t\t\t\t\t\t\t<\/div>\n\t\t\t\t\t<\/div>\n\t\t<\/div>\n\t\t\t\t\t\t\t\t<\/div>\n\t\t\t\t\t<\/div>\n\t\t<\/section>\n\t\t\t\t<section class=\"elementor-section elementor-inner-section elementor-element elementor-element-e9286b9 elementor-section-boxed elementor-section-height-default elementor-section-height-default\" data-id=\"e9286b9\" data-element_type=\"section\">\n\t\t\t\t\t\t<div class=\"elementor-container elementor-column-gap-default\">\n\t\t\t\t\t\t\t<div class=\"elementor-row\">\n\t\t\t\t\t<div class=\"elementor-column elementor-col-50 elementor-inner-column elementor-element elementor-element-978dd15\" data-id=\"978dd15\" data-element_type=\"column\">\n\t\t\t<div class=\"elementor-column-wrap elementor-element-populated\">\n\t\t\t\t\t\t\t<div class=\"elementor-widget-wrap\">\n\t\t\t\t\t\t<div class=\"elementor-element elementor-element-2fbfcd4 elementor-widget elementor-widget-image\" data-id=\"2fbfcd4\" data-element_type=\"widget\" data-widget_type=\"image.default\">\n\t\t\t\t<div class=\"elementor-widget-container\">\n\t\t\t\t\t\t\t\t<div class=\"elementor-image\">\n\t\t\t\t\t\t\t\t\t\t\t\t<img decoding=\"async\" width=\"1536\" height=\"1048\" src=\"http:\/\/media1.nordholms.se\/2021\/11\/850_5946-scaled-e1637309394547-1536x1048.jpg\" class=\"attachment-1536x1536 size-1536x1536 wp-image-25938\" alt=\"\" loading=\"lazy\" srcset=\"http:\/\/media1.nordholms.se\/2021\/11\/850_5946-scaled-e1637309394547-1536x1048.jpg 1536w, http:\/\/media1.nordholms.se\/2021\/11\/850_5946-scaled-e1637309394547-300x205.jpg 300w, http:\/\/media1.nordholms.se\/2021\/11\/850_5946-scaled-e1637309394547-1024x699.jpg 1024w, http:\/\/media1.nordholms.se\/2021\/11\/850_5946-scaled-e1637309394547-768x524.jpg 768w, http:\/\/media1.nordholms.se\/2021\/11\/850_5946-scaled-e1637309394547-2048x1398.jpg 2048w\" sizes=\"(max-width: 1536px) 100vw, 1536px\" \/>\t\t\t\t\t\t\t\t\t\t\t\t\t\t<\/div>\n\t\t\t\t\t\t<\/div>\n\t\t\t\t<\/div>\n\t\t\t\t\t\t<\/div>\n\t\t\t\t\t<\/div>\n\t\t<\/div>\n\t\t\t\t<div class=\"elementor-column elementor-col-50 elementor-inner-column elementor-element elementor-element-0a54300\" data-id=\"0a54300\" data-element_type=\"column\">\n\t\t\t<div class=\"elementor-column-wrap elementor-element-populated\">\n\t\t\t\t\t\t\t<div class=\"elementor-widget-wrap\">\n\t\t\t\t\t\t<div class=\"elementor-element elementor-element-26031a2 elementor-widget elementor-widget-image\" data-id=\"26031a2\" data-element_type=\"widget\" data-widget_type=\"image.default\">\n\t\t\t\t<div class=\"elementor-widget-container\">\n\t\t\t\t\t\t\t\t<div class=\"elementor-image\">\n\t\t\t\t\t\t\t\t\t\t\t\t<img decoding=\"async\" width=\"1536\" height=\"1049\" src=\"http:\/\/media1.nordholms.se\/2021\/11\/Till-kvaliet-1536x1049.jpg\" class=\"attachment-1536x1536 size-1536x1536 wp-image-25856\" alt=\"\" loading=\"lazy\" srcset=\"http:\/\/media1.nordholms.se\/2021\/11\/Till-kvaliet-1536x1049.jpg 1536w, http:\/\/media1.nordholms.se\/2021\/11\/Till-kvaliet-300x205.jpg 300w, http:\/\/media1.nordholms.se\/2021\/11\/Till-kvaliet-1024x700.jpg 1024w, http:\/\/media1.nordholms.se\/2021\/11\/Till-kvaliet-768x525.jpg 768w, http:\/\/media1.nordholms.se\/2021\/11\/Till-kvaliet-2048x1399.jpg 2048w\" sizes=\"(max-width: 1536px) 100vw, 1536px\" \/>\t\t\t\t\t\t\t\t\t\t\t\t\t\t<\/div>\n\t\t\t\t\t\t<\/div>\n\t\t\t\t<\/div>\n\t\t\t\t\t\t<\/div>\n\t\t\t\t\t<\/div>\n\t\t<\/div>\n\t\t\t\t\t\t\t\t<\/div>\n\t\t\t\t\t<\/div>\n\t\t<\/section>\n\t\t\t\t\t\t<\/div>\n\t\t\t\t\t<\/div>\n\t\t<\/div>\n\t\t\t\t\t\t\t\t<\/div>\n\t\t\t\t\t<\/div>\n\t\t<\/section>\n\t\t\t\t\t\t\t\t\t<\/div>\n\t\t\t<\/div>\n\t\t\t\t\t<\/div>","protected":false},"excerpt":{"rendered":"<p>H\u00f6ga krav \u00e4r v\u00e5r vardag Kvalitet V\u00e5r ambition \u00e4r att f\u00f6lja marknaden och v\u00e5ra kunders krav inom kvalitetsomr\u00e5det och vi har d\u00e4rf\u00f6r valt att certifiera oss mot ISO 3834-2. ASME-BPE anv\u00e4nds i v\u00e5rt dagliga arbete tillsammans med standarder som hanterar ytbehandlingar, tryckk\u00e4rl liksom flertalet standarder inom el- och automation. ISO 9001 &amp; ISO 3834-2 (certificate &hellip;<\/p>\n<p class=\"read-more\"> <a class=\"\" href=\"http:\/\/new2021.nordholms.se\/en\/kvalitet\/\"> <span class=\"screen-reader-text\">Quality<\/span> Read More &raquo;<\/a><\/p>","protected":false},"author":2,"featured_media":0,"parent":0,"menu_order":0,"comment_status":"closed","ping_status":"closed","template":"","meta":{"site-sidebar-layout":"no-sidebar","site-content-layout":"page-builder","ast-global-header-display":"","ast-main-header-display":"","ast-hfb-above-header-display":"","ast-hfb-below-header-display":"","ast-hfb-mobile-header-display":"","site-post-title":"disabled","ast-breadcrumbs-content":"","ast-featured-img":"disabled","footer-sml-layout":"","theme-transparent-header-meta":"default","adv-header-id-meta":"","stick-header-meta":"","header-above-stick-meta":"","header-main-stick-meta":"","header-below-stick-meta":""},"_links":{"self":[{"href":"http:\/\/new2021.nordholms.se\/en\/wp-json\/wp\/v2\/pages\/25386"}],"collection":[{"href":"http:\/\/new2021.nordholms.se\/en\/wp-json\/wp\/v2\/pages"}],"about":[{"href":"http:\/\/new2021.nordholms.se\/en\/wp-json\/wp\/v2\/types\/page"}],"author":[{"embeddable":true,"href":"http:\/\/new2021.nordholms.se\/en\/wp-json\/wp\/v2\/users\/2"}],"replies":[{"embeddable":true,"href":"http:\/\/new2021.nordholms.se\/en\/wp-json\/wp\/v2\/comments?post=25386"}],"version-history":[{"count":139,"href":"http:\/\/new2021.nordholms.se\/en\/wp-json\/wp\/v2\/pages\/25386\/revisions"}],"predecessor-version":[{"id":26909,"href":"http:\/\/new2021.nordholms.se\/en\/wp-json\/wp\/v2\/pages\/25386\/revisions\/26909"}],"wp:attachment":[{"href":"http:\/\/new2021.nordholms.se\/en\/wp-json\/wp\/v2\/media?parent=25386"}],"curies":[{"name":"wp","href":"https:\/\/api.w.org\/{rel}","templated":true}]}}